{"id":467,"date":"2020-08-24T15:41:14","date_gmt":"2020-08-24T13:41:14","guid":{"rendered":"https:\/\/santa-tree.com\/?page_id=467"},"modified":"2020-12-14T19:12:58","modified_gmt":"2020-12-14T18:12:58","slug":"imprint","status":"publish","type":"page","link":"https:\/\/santa-tree.com\/de\/imprint\/","title":{"rendered":"Impressum"},"content":{"rendered":"<div data-elementor-type=\"wp-page\" data-elementor-id=\"467\" class=\"elementor elementor-467\" data-elementor-post-type=\"page\">\n\t\t\t\t\t\t<section class=\"elementor-section elementor-top-section elementor-element elementor-element-72c4c12 elementor-section-boxed elementor-section-height-default elementor-section-height-default\" data-id=\"72c4c12\" data-element_type=\"section\" data-e-type=\"section\">\n\t\t\t\t\t\t<div class=\"elementor-container elementor-column-gap-default\">\n\t\t\t\t\t<div class=\"elementor-column elementor-col-100 elementor-top-column elementor-element elementor-element-b52e293\" data-id=\"b52e293\" data-element_type=\"column\" data-e-type=\"column\">\n\t\t\t<div class=\"elementor-widget-wrap elementor-element-populated\">\n\t\t\t\t\t\t<div class=\"elementor-element elementor-element-d4d6c94 elementor-widget elementor-widget-text-editor\" data-id=\"d4d6c94\" data-element_type=\"widget\" data-e-type=\"widget\" data-widget_type=\"text-editor.default\">\n\t\t\t\t<div class=\"elementor-widget-container\">\n\t\t\t\t\t\t\t\t\t<p>Legal Information only available in german as followed:<\/p><h3>Impressum<\/h3><h4>Gesetzliche Anbieterkennung:<\/h4><p><strong>Urban Soul Art e.K.<\/strong><br \/><strong>Inhaber: Sven Pyll <\/strong><br \/><strong>Graf-Adolf-Platz 15 <\/strong><br \/><strong>40213 D\u00fcsseldorf <\/strong><br \/><strong>Deutschland <\/strong><br \/><strong>Telefon: +4921197634110 <\/strong><br \/><strong>Telefax: +4932121168318 <\/strong><br \/><strong>E-Mail: info@santa-tree.com <\/strong><br \/><strong>eingetragen im Handelsregister des Amtsgerichtes D\u00fcsseldorf <\/strong><br \/><strong>Handelsregisternummer HRA 25692<\/strong><\/p><h4>Inhaltlich Verantwortlicher gem\u00e4\u00df \u00a7 55 RStV:<\/h4><p>Herr Sven Pyll <br \/>Graf-Adolf-Platz 15 <br \/>40213 D\u00fcsseldorf <br \/>Deutschland<\/p><p>Aufgrund des Kleinunternehmerstatus wird gem\u00e4\u00df \u00a7 19 UStG die MwSt. in der Rechnung nicht ausgewiesen.<\/p><h4><strong><br \/><\/strong>Alternative Streitbeilegung:<\/h4><p>Die Europ\u00e4ische Kommission stellt eine Plattform f\u00fcr die au\u00dfergerichtliche Online-Streitbeilegung (OS-Plattform) bereit, aufrufbar unter <span style=\"text-decoration: underline;\"><span style=\"color: #0000ff; text-decoration: underline;\"><a style=\"color: #0000ff; text-decoration: underline;\" href=\"https:\/\/ec.europa.eu\/odr\" target=\"_blank\" rel=\"noopener\">https:\/\/ec.europa.eu\/odr<\/a><\/span><\/span>.<\/p><h4>Wir sind seit 29.09.2020 Mitglied der Initiative &#8221; FairCommerce&#8221; .<\/h4><p>N\u00e4here Informationen hierzu finden Sie unter <span style=\"text-decoration: underline;\"><span style=\"color: #0000ff; text-decoration: underline;\"><a style=\"color: #0000ff; text-decoration: underline;\" href=\"http:\/\/www.fair-commerce.de\">www.fair-commerce.de<\/a><\/span><\/span>.<\/p><p>\u00a0<\/p>\t\t\t\t\t\t\t\t<\/div>\n\t\t\t\t<\/div>\n\t\t\t\t\t<\/div>\n\t\t<\/div>\n\t\t\t\t\t<\/div>\n\t\t<\/section>\n\t\t\t\t<section class=\"elementor-section elementor-top-section elementor-element elementor-element-62b4044 elementor-section-boxed elementor-section-height-default elementor-section-height-default\" data-id=\"62b4044\" data-element_type=\"section\" data-e-type=\"section\">\n\t\t\t\t\t\t<div class=\"elementor-container elementor-column-gap-default\">\n\t\t\t\t\t<div class=\"elementor-column elementor-col-100 elementor-top-column elementor-element elementor-element-115b508\" data-id=\"115b508\" data-element_type=\"column\" data-e-type=\"column\">\n\t\t\t<div class=\"elementor-widget-wrap elementor-element-populated\">\n\t\t\t\t\t\t<div class=\"elementor-element elementor-element-31bc5fa elementor-widget elementor-widget-html\" data-id=\"31bc5fa\" data-element_type=\"widget\" data-e-type=\"widget\" data-widget_type=\"html.default\">\n\t\t\t\t<div class=\"elementor-widget-container\">\n\t\t\t\t\t<!-- Beginn des H&auml;ndlerbund HTML-Code -->\n<!-- Der HTML-Code darf im Sinne der einwandfreien Funktionalit&auml;t nicht ver&auml;ndert werden! -->\n<a href=\"https:\/\/www.haendlerbund.de\/mitglied\/show.php?uuid=658fe06e-fd7f-11ea-a4fa-9c5c8e4fb375-9930068533\" target=\"_blank\">\n<img decoding=\"async\" src=\"https:\/\/www.haendlerbund.de\/mitglied\/logo.php?uuid=658fe06e-fd7f-11ea-a4fa-9c5c8e4fb375-9930068533&size=120&variant=2\" title=\"H&auml;ndlerbund Mitglied\"\nalt=\"Mitglied im H&auml;ndlerbund\" hspace=\"5\" vspace=\"5\" border=\"0\" \/>\n<\/a>\n<!-- Ende des H&auml;ndlerbund HTML-Code -->\t\t\t\t<\/div>\n\t\t\t\t<\/div>\n\t\t\t\t\t<\/div>\n\t\t<\/div>\n\t\t\t\t\t<\/div>\n\t\t<\/section>\n\t\t\t\t<section class=\"elementor-section elementor-top-section elementor-element elementor-element-7510fe3 elementor-section-boxed elementor-section-height-default elementor-section-height-default\" data-id=\"7510fe3\" data-element_type=\"section\" data-e-type=\"section\">\n\t\t\t\t\t\t<div class=\"elementor-container elementor-column-gap-default\">\n\t\t\t\t\t<div class=\"elementor-column elementor-col-100 elementor-top-column elementor-element elementor-element-9a69f21\" data-id=\"9a69f21\" data-element_type=\"column\" data-e-type=\"column\">\n\t\t\t<div class=\"elementor-widget-wrap elementor-element-populated\">\n\t\t\t\t\t\t<div class=\"elementor-element elementor-element-8d576bb elementor-widget elementor-widget-text-editor\" data-id=\"8d576bb\" data-element_type=\"widget\" data-e-type=\"widget\" data-widget_type=\"text-editor.default\">\n\t\t\t\t<div class=\"elementor-widget-container\">\n\t\t\t\t\t\t\t\t\t<h3>Copyright &#8211; 3rd party credit<\/h3><p>\u00a0<\/p>\t\t\t\t\t\t\t\t<\/div>\n\t\t\t\t<\/div>\n\t\t\t\t\t<\/div>\n\t\t<\/div>\n\t\t\t\t\t<\/div>\n\t\t<\/section>\n\t\t\t\t<section class=\"elementor-section elementor-top-section elementor-element elementor-element-31b2182 elementor-section-boxed elementor-section-height-default elementor-section-height-default\" data-id=\"31b2182\" data-element_type=\"section\" data-e-type=\"section\">\n\t\t\t\t\t\t<div class=\"elementor-container elementor-column-gap-default\">\n\t\t\t\t\t<div class=\"elementor-column elementor-col-100 elementor-top-column elementor-element elementor-element-277e8bb\" data-id=\"277e8bb\" data-element_type=\"column\" data-e-type=\"column\">\n\t\t\t<div class=\"elementor-widget-wrap elementor-element-populated\">\n\t\t\t\t\t\t<section class=\"elementor-section elementor-inner-section elementor-element elementor-element-8ecc902 elementor-section-boxed elementor-section-height-default elementor-section-height-default\" data-id=\"8ecc902\" data-element_type=\"section\" data-e-type=\"section\" data-settings=\"{&quot;background_background&quot;:&quot;classic&quot;}\">\n\t\t\t\t\t\t<div class=\"elementor-container elementor-column-gap-default\">\n\t\t\t\t\t<div class=\"elementor-column elementor-col-50 elementor-inner-column elementor-element elementor-element-09dc4ec\" data-id=\"09dc4ec\" data-element_type=\"column\" data-e-type=\"column\">\n\t\t\t<div class=\"elementor-widget-wrap elementor-element-populated\">\n\t\t\t\t\t\t<div class=\"elementor-element elementor-element-14dc085 elementor-widget elementor-widget-image\" data-id=\"14dc085\" data-element_type=\"widget\" data-e-type=\"widget\" data-widget_type=\"image.default\">\n\t\t\t\t<div class=\"elementor-widget-container\">\n\t\t\t\t\t\t\t\t\t\t\t\t\t\t\t<img fetchpriority=\"high\" decoding=\"async\" width=\"800\" height=\"450\" src=\"https:\/\/santa-tree.com\/wp-content\/uploads\/aerial-photography-of-snow-covered-trees-1438761-1024x576.jpg\" class=\"attachment-large size-large wp-image-787\" alt=\"\" srcset=\"https:\/\/santa-tree.com\/wp-content\/uploads\/aerial-photography-of-snow-covered-trees-1438761-1024x576.jpg 1024w, https:\/\/santa-tree.com\/wp-content\/uploads\/aerial-photography-of-snow-covered-trees-1438761-300x169.jpg 300w, https:\/\/santa-tree.com\/wp-content\/uploads\/aerial-photography-of-snow-covered-trees-1438761-768x432.jpg 768w, https:\/\/santa-tree.com\/wp-content\/uploads\/aerial-photography-of-snow-covered-trees-1438761-1536x864.jpg 1536w, https:\/\/santa-tree.com\/wp-content\/uploads\/aerial-photography-of-snow-covered-trees-1438761-2048x1152.jpg 2048w\" sizes=\"(max-width: 800px) 100vw, 800px\" \/>\t\t\t\t\t\t\t\t\t\t\t\t\t\t\t<\/div>\n\t\t\t\t<\/div>\n\t\t\t\t\t<\/div>\n\t\t<\/div>\n\t\t\t\t<div class=\"elementor-column elementor-col-50 elementor-inner-column elementor-element elementor-element-a8560d2\" data-id=\"a8560d2\" data-element_type=\"column\" data-e-type=\"column\">\n\t\t\t<div class=\"elementor-widget-wrap elementor-element-populated\">\n\t\t\t\t\t\t<div class=\"elementor-element elementor-element-f5fce5a elementor-widget elementor-widget-text-editor\" data-id=\"f5fce5a\" data-element_type=\"widget\" data-e-type=\"widget\" data-widget_type=\"text-editor.default\">\n\t\t\t\t<div class=\"elementor-widget-container\">\n\t\t\t\t\t\t\t\t\t<p>Source: PEXELS &#8211; <span style=\"text-decoration: underline;\"><span style=\"color: #0000ff;\"><a style=\"color: #0000ff; text-decoration: underline;\" href=\"https:\/\/www.pexels.com\/de-de\/@digitech\" target=\"_blank\" rel=\"noopener\">Ruvim Miksanskiy<\/a><\/span><\/span><\/p><p>\u00a0<\/p>\t\t\t\t\t\t\t\t<\/div>\n\t\t\t\t<\/div>\n\t\t\t\t\t<\/div>\n\t\t<\/div>\n\t\t\t\t\t<\/div>\n\t\t<\/section>\n\t\t\t\t<section class=\"elementor-section elementor-inner-section elementor-element elementor-element-ff71a64 elementor-section-boxed elementor-section-height-default elementor-section-height-default\" data-id=\"ff71a64\" data-element_type=\"section\" data-e-type=\"section\" data-settings=\"{&quot;background_background&quot;:&quot;classic&quot;}\">\n\t\t\t\t\t\t<div class=\"elementor-container elementor-column-gap-default\">\n\t\t\t\t\t<div class=\"elementor-column elementor-col-50 elementor-inner-column elementor-element elementor-element-a5d9f11\" data-id=\"a5d9f11\" data-element_type=\"column\" data-e-type=\"column\">\n\t\t\t<div class=\"elementor-widget-wrap elementor-element-populated\">\n\t\t\t\t\t\t<div class=\"elementor-element elementor-element-c61c690 elementor-widget elementor-widget-image\" data-id=\"c61c690\" data-element_type=\"widget\" data-e-type=\"widget\" data-widget_type=\"image.default\">\n\t\t\t\t<div class=\"elementor-widget-container\">\n\t\t\t\t\t\t\t\t\t\t\t\t\t\t\t<img decoding=\"async\" width=\"669\" height=\"800\" src=\"https:\/\/santa-tree.com\/wp-content\/uploads\/panthermedia_10160805_669x800.jpg\" class=\"attachment-large size-large wp-image-933\" alt=\"\" srcset=\"https:\/\/santa-tree.com\/wp-content\/uploads\/panthermedia_10160805_669x800.jpg 669w, https:\/\/santa-tree.com\/wp-content\/uploads\/panthermedia_10160805_669x800-251x300.jpg 251w\" sizes=\"(max-width: 669px) 100vw, 669px\" \/>\t\t\t\t\t\t\t\t\t\t\t\t\t\t\t<\/div>\n\t\t\t\t<\/div>\n\t\t\t\t\t<\/div>\n\t\t<\/div>\n\t\t\t\t<div class=\"elementor-column elementor-col-50 elementor-inner-column elementor-element elementor-element-9987804\" data-id=\"9987804\" data-element_type=\"column\" data-e-type=\"column\">\n\t\t\t<div class=\"elementor-widget-wrap elementor-element-populated\">\n\t\t\t\t\t\t<div class=\"elementor-element elementor-element-90048f0 elementor-widget elementor-widget-text-editor\" data-id=\"90048f0\" data-element_type=\"widget\" data-e-type=\"widget\" data-widget_type=\"text-editor.default\">\n\t\t\t\t<div class=\"elementor-widget-container\">\n\t\t\t\t\t\t\t\t\t<p><span style=\"text-decoration: underline;\"><span style=\"color: #0000ff; text-decoration: underline;\"><a style=\"color: #0000ff; text-decoration: underline;\" href=\"https:\/\/bildagentur.panthermedia.net\/m\/lizenzfreie-bilder\/10160805\/perfekter-dichter-tannenbaum-isoliert-ohne-schatten\/?utm_source=Backlink&amp;utm_medium=Link&amp;utm_content=Detail&amp;utm_campaign=Backlink-Optional\">\u00a9 PantherMedia<\/a><\/span><\/span>\u00a0 \/\u00a0 <span style=\"text-decoration: underline;\"><span style=\"color: #0000ff; text-decoration: underline;\"><a style=\"color: #0000ff; text-decoration: underline;\" href=\"https:\/\/bildagentur.panthermedia.net\/u\/medien\/Smileus\/?q=&amp;utm_source=Backlink&amp;utm_medium=Link&amp;utm_content=User&amp;utm_campaign=Backlink-Optional\">Farzin Salimi<\/a><\/span><\/span><\/p><p>\u00a0<\/p>\t\t\t\t\t\t\t\t<\/div>\n\t\t\t\t<\/div>\n\t\t\t\t\t<\/div>\n\t\t<\/div>\n\t\t\t\t\t<\/div>\n\t\t<\/section>\n\t\t\t\t<section class=\"elementor-section elementor-inner-section elementor-element elementor-element-777d7f1 elementor-section-boxed elementor-section-height-default elementor-section-height-default\" data-id=\"777d7f1\" data-element_type=\"section\" data-e-type=\"section\" data-settings=\"{&quot;background_background&quot;:&quot;classic&quot;}\">\n\t\t\t\t\t\t<div class=\"elementor-container elementor-column-gap-default\">\n\t\t\t\t\t<div class=\"elementor-column elementor-col-50 elementor-inner-column elementor-element elementor-element-37a40a9\" data-id=\"37a40a9\" data-element_type=\"column\" data-e-type=\"column\">\n\t\t\t<div class=\"elementor-widget-wrap elementor-element-populated\">\n\t\t\t\t\t\t<div class=\"elementor-element elementor-element-32c0224 elementor-widget elementor-widget-image\" data-id=\"32c0224\" data-element_type=\"widget\" data-e-type=\"widget\" data-widget_type=\"image.default\">\n\t\t\t\t<div class=\"elementor-widget-container\">\n\t\t\t\t\t\t\t\t\t\t\t\t\t\t\t<img decoding=\"async\" width=\"800\" height=\"909\" src=\"https:\/\/santa-tree.com\/wp-content\/uploads\/94125_Comfort-M_Verpackung-901x1024.jpg\" class=\"attachment-large size-large wp-image-931\" alt=\"\" srcset=\"https:\/\/santa-tree.com\/wp-content\/uploads\/94125_Comfort-M_Verpackung-901x1024.jpg 901w, https:\/\/santa-tree.com\/wp-content\/uploads\/94125_Comfort-M_Verpackung-264x300.jpg 264w, https:\/\/santa-tree.com\/wp-content\/uploads\/94125_Comfort-M_Verpackung-768x873.jpg 768w, https:\/\/santa-tree.com\/wp-content\/uploads\/94125_Comfort-M_Verpackung-1351x1536.jpg 1351w, https:\/\/santa-tree.com\/wp-content\/uploads\/94125_Comfort-M_Verpackung-1802x2048.jpg 1802w\" sizes=\"(max-width: 800px) 100vw, 800px\" \/>\t\t\t\t\t\t\t\t\t\t\t\t\t\t\t<\/div>\n\t\t\t\t<\/div>\n\t\t\t\t\t<\/div>\n\t\t<\/div>\n\t\t\t\t<div class=\"elementor-column elementor-col-50 elementor-inner-column elementor-element elementor-element-3198139\" data-id=\"3198139\" data-element_type=\"column\" data-e-type=\"column\">\n\t\t\t<div class=\"elementor-widget-wrap elementor-element-populated\">\n\t\t\t\t\t\t<div class=\"elementor-element elementor-element-63c99f1 elementor-widget elementor-widget-text-editor\" data-id=\"63c99f1\" data-element_type=\"widget\" data-e-type=\"widget\" data-widget_type=\"text-editor.default\">\n\t\t\t\t<div class=\"elementor-widget-container\">\n\t\t\t\t\t\t\t\t\t<p>Quelle\/Copyright Krinner GmbH<\/p><p>\u00a0<\/p>\t\t\t\t\t\t\t\t<\/div>\n\t\t\t\t<\/div>\n\t\t\t\t\t<\/div>\n\t\t<\/div>\n\t\t\t\t\t<\/div>\n\t\t<\/section>\n\t\t\t\t\t<\/div>\n\t\t<\/div>\n\t\t\t\t\t<\/div>\n\t\t<\/section>\n\t\t\t\t<\/div>","protected":false},"excerpt":{"rendered":"<p>Legal Information only available in german as followed: Impressum Gesetzliche Anbieterkennung: Urban Soul Art e.K.Inhaber: Sven Pyll Graf-Adolf-Platz 15 40213 D\u00fcsseldorf Deutschland Telefon: +4921197634110 Telefax: +4932121168318 E-Mail: info@santa-tree.com eingetragen im Handelsregister des Amtsgerichtes D\u00fcsseldorf Handelsregisternummer HRA 25692 Inhaltlich Verantwortlicher gem\u00e4\u00df \u00a7 55 RStV: Herr Sven Pyll Graf-Adolf-Platz 15 40213 D\u00fcsseldorf Deutschland Aufgrund des Kleinunternehmerstatus wird [&hellip;]<\/p>\n","protected":false},"author":1,"featured_media":0,"parent":0,"menu_order":0,"comment_status":"closed","ping_status":"closed","template":"","meta":{"footnotes":""},"class_list":["post-467","page","type-page","status-publish","hentry"],"yoast_head":"<!-- This site is optimized with the Yoast SEO plugin v26.8 - https:\/\/yoast.com\/product\/yoast-seo-wordpress\/ -->\n<title>Santa-Tree - Impressum<\/title>\n<meta name=\"description\" content=\"Santa-Tree - Imprint.\" \/>\n<meta name=\"robots\" content=\"noindex, nofollow\" \/>\n<meta property=\"og:locale\" content=\"de_DE\" \/>\n<meta property=\"og:type\" content=\"article\" \/>\n<meta property=\"og:title\" content=\"Santa-Tree - Impressum\" \/>\n<meta property=\"og:description\" content=\"Santa-Tree - Imprint.\" \/>\n<meta property=\"og:url\" content=\"https:\/\/santa-tree.com\/de\/imprint\/\" \/>\n<meta property=\"og:site_name\" content=\"Santa-Tree\" \/>\n<meta property=\"article:modified_time\" content=\"2020-12-14T18:12:58+00:00\" \/>\n<meta property=\"og:image\" content=\"https:\/\/www.haendlerbund.de\/mitglied\/logo.php?uuid=658fe06e-fd7f-11ea-a4fa-9c5c8e4fb375-9930068533&size=120&variant=2\" \/>\n<meta name=\"twitter:card\" content=\"summary_large_image\" \/>\n<meta name=\"twitter:label1\" content=\"Gesch\u00e4tzte Lesezeit\" \/>\n\t<meta name=\"twitter:data1\" content=\"1\u00a0Minute\" \/>\n<script type=\"application\/ld+json\" class=\"yoast-schema-graph\">{\"@context\":\"https:\/\/schema.org\",\"@graph\":[{\"@type\":\"WebPage\",\"@id\":\"https:\/\/santa-tree.com\/de\/imprint\/\",\"url\":\"https:\/\/santa-tree.com\/de\/imprint\/\",\"name\":\"Santa-Tree - Impressum\",\"isPartOf\":{\"@id\":\"https:\/\/santa-tree.com\/de\/#website\"},\"primaryImageOfPage\":{\"@id\":\"https:\/\/santa-tree.com\/de\/imprint\/#primaryimage\"},\"image\":{\"@id\":\"https:\/\/santa-tree.com\/de\/imprint\/#primaryimage\"},\"thumbnailUrl\":\"https:\/\/www.haendlerbund.de\/mitglied\/logo.php?uuid=658fe06e-fd7f-11ea-a4fa-9c5c8e4fb375-9930068533&size=120&variant=2\",\"datePublished\":\"2020-08-24T13:41:14+00:00\",\"dateModified\":\"2020-12-14T18:12:58+00:00\",\"description\":\"Santa-Tree - Imprint.\",\"breadcrumb\":{\"@id\":\"https:\/\/santa-tree.com\/de\/imprint\/#breadcrumb\"},\"inLanguage\":\"de\",\"potentialAction\":[{\"@type\":\"ReadAction\",\"target\":[\"https:\/\/santa-tree.com\/de\/imprint\/\"]}]},{\"@type\":\"ImageObject\",\"inLanguage\":\"de\",\"@id\":\"https:\/\/santa-tree.com\/de\/imprint\/#primaryimage\",\"url\":\"https:\/\/www.haendlerbund.de\/mitglied\/logo.php?uuid=658fe06e-fd7f-11ea-a4fa-9c5c8e4fb375-9930068533&size=120&variant=2\",\"contentUrl\":\"https:\/\/www.haendlerbund.de\/mitglied\/logo.php?uuid=658fe06e-fd7f-11ea-a4fa-9c5c8e4fb375-9930068533&size=120&variant=2\"},{\"@type\":\"BreadcrumbList\",\"@id\":\"https:\/\/santa-tree.com\/de\/imprint\/#breadcrumb\",\"itemListElement\":[{\"@type\":\"ListItem\",\"position\":1,\"name\":\"Home\",\"item\":\"https:\/\/santa-tree.com\/de\/\"},{\"@type\":\"ListItem\",\"position\":2,\"name\":\"Impressum\"}]},{\"@type\":\"WebSite\",\"@id\":\"https:\/\/santa-tree.com\/de\/#website\",\"url\":\"https:\/\/santa-tree.com\/de\/\",\"name\":\"Santa-Tree\",\"description\":\"Premium Christmas Tree Delivery\",\"publisher\":{\"@id\":\"https:\/\/santa-tree.com\/de\/#organization\"},\"potentialAction\":[{\"@type\":\"SearchAction\",\"target\":{\"@type\":\"EntryPoint\",\"urlTemplate\":\"https:\/\/santa-tree.com\/de\/?s={search_term_string}\"},\"query-input\":{\"@type\":\"PropertyValueSpecification\",\"valueRequired\":true,\"valueName\":\"search_term_string\"}}],\"inLanguage\":\"de\"},{\"@type\":\"Organization\",\"@id\":\"https:\/\/santa-tree.com\/de\/#organization\",\"name\":\"Santa-Tree\",\"url\":\"https:\/\/santa-tree.com\/de\/\",\"logo\":{\"@type\":\"ImageObject\",\"inLanguage\":\"de\",\"@id\":\"https:\/\/santa-tree.com\/de\/#\/schema\/logo\/image\/\",\"url\":\"https:\/\/santa-tree.com\/wp-content\/uploads\/logo-santa-tree-512.png\",\"contentUrl\":\"https:\/\/santa-tree.com\/wp-content\/uploads\/logo-santa-tree-512.png\",\"width\":512,\"height\":491,\"caption\":\"Santa-Tree\"},\"image\":{\"@id\":\"https:\/\/santa-tree.com\/de\/#\/schema\/logo\/image\/\"}}]}<\/script>\n<!-- \/ Yoast SEO plugin. -->","yoast_head_json":{"title":"Santa-Tree - Impressum","description":"Santa-Tree - Imprint.","robots":{"index":"noindex","follow":"nofollow"},"og_locale":"de_DE","og_type":"article","og_title":"Santa-Tree - Impressum","og_description":"Santa-Tree - Imprint.","og_url":"https:\/\/santa-tree.com\/de\/imprint\/","og_site_name":"Santa-Tree","article_modified_time":"2020-12-14T18:12:58+00:00","og_image":[{"url":"https:\/\/www.haendlerbund.de\/mitglied\/logo.php?uuid=658fe06e-fd7f-11ea-a4fa-9c5c8e4fb375-9930068533&size=120&variant=2","type":"","width":"","height":""}],"twitter_card":"summary_large_image","twitter_misc":{"Gesch\u00e4tzte Lesezeit":"1\u00a0Minute"},"schema":{"@context":"https:\/\/schema.org","@graph":[{"@type":"WebPage","@id":"https:\/\/santa-tree.com\/de\/imprint\/","url":"https:\/\/santa-tree.com\/de\/imprint\/","name":"Santa-Tree - Impressum","isPartOf":{"@id":"https:\/\/santa-tree.com\/de\/#website"},"primaryImageOfPage":{"@id":"https:\/\/santa-tree.com\/de\/imprint\/#primaryimage"},"image":{"@id":"https:\/\/santa-tree.com\/de\/imprint\/#primaryimage"},"thumbnailUrl":"https:\/\/www.haendlerbund.de\/mitglied\/logo.php?uuid=658fe06e-fd7f-11ea-a4fa-9c5c8e4fb375-9930068533&size=120&variant=2","datePublished":"2020-08-24T13:41:14+00:00","dateModified":"2020-12-14T18:12:58+00:00","description":"Santa-Tree - Imprint.","breadcrumb":{"@id":"https:\/\/santa-tree.com\/de\/imprint\/#breadcrumb"},"inLanguage":"de","potentialAction":[{"@type":"ReadAction","target":["https:\/\/santa-tree.com\/de\/imprint\/"]}]},{"@type":"ImageObject","inLanguage":"de","@id":"https:\/\/santa-tree.com\/de\/imprint\/#primaryimage","url":"https:\/\/www.haendlerbund.de\/mitglied\/logo.php?uuid=658fe06e-fd7f-11ea-a4fa-9c5c8e4fb375-9930068533&size=120&variant=2","contentUrl":"https:\/\/www.haendlerbund.de\/mitglied\/logo.php?uuid=658fe06e-fd7f-11ea-a4fa-9c5c8e4fb375-9930068533&size=120&variant=2"},{"@type":"BreadcrumbList","@id":"https:\/\/santa-tree.com\/de\/imprint\/#breadcrumb","itemListElement":[{"@type":"ListItem","position":1,"name":"Home","item":"https:\/\/santa-tree.com\/de\/"},{"@type":"ListItem","position":2,"name":"Impressum"}]},{"@type":"WebSite","@id":"https:\/\/santa-tree.com\/de\/#website","url":"https:\/\/santa-tree.com\/de\/","name":"Santa-Tree","description":"Premium Christmas Tree Delivery","publisher":{"@id":"https:\/\/santa-tree.com\/de\/#organization"},"potentialAction":[{"@type":"SearchAction","target":{"@type":"EntryPoint","urlTemplate":"https:\/\/santa-tree.com\/de\/?s={search_term_string}"},"query-input":{"@type":"PropertyValueSpecification","valueRequired":true,"valueName":"search_term_string"}}],"inLanguage":"de"},{"@type":"Organization","@id":"https:\/\/santa-tree.com\/de\/#organization","name":"Santa-Tree","url":"https:\/\/santa-tree.com\/de\/","logo":{"@type":"ImageObject","inLanguage":"de","@id":"https:\/\/santa-tree.com\/de\/#\/schema\/logo\/image\/","url":"https:\/\/santa-tree.com\/wp-content\/uploads\/logo-santa-tree-512.png","contentUrl":"https:\/\/santa-tree.com\/wp-content\/uploads\/logo-santa-tree-512.png","width":512,"height":491,"caption":"Santa-Tree"},"image":{"@id":"https:\/\/santa-tree.com\/de\/#\/schema\/logo\/image\/"}}]}},"_links":{"self":[{"href":"https:\/\/santa-tree.com\/de\/wp-json\/wp\/v2\/pages\/467","targetHints":{"allow":["GET"]}}],"collection":[{"href":"https:\/\/santa-tree.com\/de\/wp-json\/wp\/v2\/pages"}],"about":[{"href":"https:\/\/santa-tree.com\/de\/wp-json\/wp\/v2\/types\/page"}],"author":[{"embeddable":true,"href":"https:\/\/santa-tree.com\/de\/wp-json\/wp\/v2\/users\/1"}],"replies":[{"embeddable":true,"href":"https:\/\/santa-tree.com\/de\/wp-json\/wp\/v2\/comments?post=467"}],"version-history":[{"count":10,"href":"https:\/\/santa-tree.com\/de\/wp-json\/wp\/v2\/pages\/467\/revisions"}],"predecessor-version":[{"id":1990,"href":"https:\/\/santa-tree.com\/de\/wp-json\/wp\/v2\/pages\/467\/revisions\/1990"}],"wp:attachment":[{"href":"https:\/\/santa-tree.com\/de\/wp-json\/wp\/v2\/media?parent=467"}],"curies":[{"name":"wp","href":"https:\/\/api.w.org\/{rel}","templated":true}]}}