{"id":1363,"date":"2020-10-06T17:52:46","date_gmt":"2020-10-06T15:52:46","guid":{"rendered":"https:\/\/santa-tree.com\/?page_id=1363"},"modified":"2020-12-14T17:59:09","modified_gmt":"2020-12-14T16:59:09","slug":"revocation","status":"publish","type":"page","link":"https:\/\/santa-tree.com\/de\/revocation\/","title":{"rendered":"Widerrufsrecht"},"content":{"rendered":"<div data-elementor-type=\"wp-page\" data-elementor-id=\"1363\" class=\"elementor elementor-1363\" data-elementor-post-type=\"page\">\n\t\t\t\t\t\t<section class=\"elementor-section elementor-top-section elementor-element elementor-element-502f686a elementor-section-boxed elementor-section-height-default elementor-section-height-default\" data-id=\"502f686a\" data-element_type=\"section\" data-e-type=\"section\" data-settings=\"{&quot;background_background&quot;:&quot;classic&quot;}\">\n\t\t\t\t\t\t<div class=\"elementor-container elementor-column-gap-default\">\n\t\t\t\t\t<div class=\"elementor-column elementor-col-100 elementor-top-column elementor-element elementor-element-1fc4ea83\" data-id=\"1fc4ea83\" data-element_type=\"column\" data-e-type=\"column\">\n\t\t\t<div class=\"elementor-widget-wrap elementor-element-populated\">\n\t\t\t\t\t\t<div class=\"elementor-element elementor-element-87763cd elementor-widget elementor-widget-text-editor\" data-id=\"87763cd\" data-element_type=\"widget\" data-e-type=\"widget\" data-widget_type=\"text-editor.default\">\n\t\t\t\t<div class=\"elementor-widget-container\">\n\t\t\t\t\t\t\t\t\t<p>Legal information only available in german language as followed:<\/p><h3>Widerrufsrecht f\u00fcr Verbraucher<\/h3><p>(Verbraucher ist jede nat\u00fcrliche Person, die ein Rechtsgesch\u00e4ft zu Zwecken abschlie\u00dft, die \u00fcberwiegend weder ihrer gewerblichen noch ihrer selbstst\u00e4ndigen beruflichen T\u00e4tigkeit zugerechnet werden k\u00f6nnen.)<\/p><h4>Widerrufsbelehrung<\/h4><p><strong>Widerrufsrecht<\/strong> <br \/>Sie haben das Recht, binnen 14 Tagen ohne Angabe von Gr\u00fcnden diesen Vertrag zu widerrufen. Die Widerrufsfrist betr\u00e4gt 14 Tage ab dem Tag,<\/p><p>&#8211; an dem Sie oder ein von Ihnen benannter Dritter, der nicht der Bef\u00f6rderer ist, die Waren in Besitz genommen haben bzw. hat, sofern Sie eine oder mehrere Waren im Rahmen einer einheitlichen Bestellung bestellt haben und diese einheitlich geliefert wird bzw. werden;<\/p><p>&#8211; an dem Sie oder ein von Ihnen benannter Dritter, der nicht der Bef\u00f6rderer ist, die letzte Ware in Besitz genommen haben bzw. hat, sofern Sie mehrere Waren im Rahmen einer einheitlichen Bestellung bestellt haben und diese getrennt geliefert werden;<\/p><p>&#8211; an dem Sie oder ein von Ihnen benannter Dritter, der nicht der Bef\u00f6rderer ist, die letzte Teilsendung oder das letzte St\u00fcck in Besitz genommen haben bzw. hat, sofern Sie eine Ware bestellt haben, die in mehreren Teilsendungen oder St\u00fccken geliefert wird;<\/p><p>Um Ihr Widerrufsrecht auszu\u00fcben, m\u00fcssen Sie uns <strong>(Urban Soul Art e.K., Graf-Adolf-Platz 15, 40213 D\u00fcsseldorf, Telefonnr.: +49 211 97634110, Faxnr.: +49 32 121168318, E-Mail-Adresse: info@santa-tree.com)<\/strong> mittels einer eindeutigen Erkl\u00e4rung (z.B. ein mit der Post versandter Brief, Telefax oder E-Mail) \u00fcber Ihren Entschluss, diesen Vertrag zu widerrufen, informieren. Sie k\u00f6nnen daf\u00fcr das beigef\u00fcgte Muster-Widerrufsformular verwenden, das jedoch nicht vorgeschrieben ist.<\/p><p>Zur Wahrung der Widerrufsfrist reicht es aus, dass Sie die Mitteilung \u00fcber die Aus\u00fcbung des Widerrufsrechts vor Ablauf der Widerrufsfrist absenden.<\/p><h4>Folgen des Widerrufs<\/h4><p>Wenn Sie diesen Vertrag widerrufen, haben wir Ihnen alle Zahlungen, die wir von Ihnen erhalten haben, einschlie\u00dflich der Lieferkosten (mit Ausnahme der zus\u00e4tzlichen Kosten, die sich daraus ergeben, dass Sie eine andere Art der Lieferung als die von uns angebotene, g\u00fcnstigste Standardlieferung gew\u00e4hlt haben), unverz\u00fcglich und sp\u00e4testens binnen 14 Tagen ab dem Tag zur\u00fcckzuzahlen, an dem die Mitteilung \u00fcber Ihren Widerruf dieses Vertrags bei uns eingegangen ist. F\u00fcr diese R\u00fcckzahlung verwenden wir dasselbe Zahlungsmittel, das Sie bei der urspr\u00fcnglichen Transaktion eingesetzt haben, es sei denn, mit Ihnen wurde ausdr\u00fccklich etwas anderes vereinbart; in keinem Fall werden Ihnen wegen dieser R\u00fcckzahlung Entgelte berechnet.<\/p><p>Wir holen die Waren ab.<\/p><p>Wir tragen die Kosten der R\u00fccksendung der Waren.<\/p><p>Sie m\u00fcssen f\u00fcr einen etwaigen Wertverlust der Waren nur aufkommen, wenn dieser Wertverlust auf einen zur Pr\u00fcfung der Beschaffenheit, Eigenschaften und Funktionsweise der Waren nicht notwendigen Umgang mit ihnen zur\u00fcckzuf\u00fchren ist.<\/p><h4>Ausschluss- bzw. Erl\u00f6schensgr\u00fcnde<\/h4><p>Das Widerrufsrecht besteht nicht bei Vertr\u00e4gen<\/p><p>&#8211; zur Lieferung von Waren, die nicht vorgefertigt sind und f\u00fcr deren Herstellung eine individuelle Auswahl oder Bestimmung durch den Verbraucher ma\u00dfgeblich ist oder die eindeutig auf die pers\u00f6nlichen Bed\u00fcrfnisse des Verbrauchers zugeschnitten sind;<br \/>&#8211; zur Lieferung von Waren, die schnell verderben k\u00f6nnen oder deren Verfallsdatum schnell \u00fcberschritten w\u00fcrde;<br \/>&#8211; zur Lieferung alkoholischer Getr\u00e4nke, deren Preis bei Vertragsschluss vereinbart wurde, die aber fr\u00fchestens 30 Tage nach Vertragsschluss geliefert werden k\u00f6nnen und deren aktueller Wert von Schwankungen auf dem Markt abh\u00e4ngt, auf die der Unternehmer keinen Einfluss hat;<br \/>&#8211; zur Lieferung von Zeitungen, Zeitschriften oder Illustrierten mit Ausnahme von Abonnement-Vertr\u00e4gen.<\/p><p>Das Widerrufsrecht erlischt vorzeitig bei Vertr\u00e4gen<\/p><p>&#8211; zur Lieferung versiegelter Waren, die aus Gr\u00fcnden des Gesundheitsschutzes oder der Hygiene nicht zur R\u00fcckgabe geeignet sind, wenn ihre Versiegelung nach der Lieferung entfernt wurde;<br \/>&#8211; zur Lieferung von Waren, wenn diese nach der Lieferung aufgrund ihrer Beschaffenheit untrennbar mit anderen G\u00fctern vermischt wurden;<br \/>&#8211; zur Lieferung von Ton- oder Videoaufnahmen oder Computersoftware in einer versiegelten Packung, wenn die Versiegelung nach der Lieferung entfernt wurde.<br \/>&#8212;&#8212;&#8212;&#8212;&#8212;&#8212;&#8212;&#8212;&#8211;<\/p><h4>Muster-Widerrufsformular<\/h4><p>(Wenn Sie den Vertrag widerrufen wollen, dann f\u00fcllen Sie bitte dieses Formular aus und senden Sie es zur\u00fcck.)<\/p><p>&#8211; An Urban Soul Art e.K., Graf-Adolf-Platz 15, 40213 D\u00fcsseldorf, Telefaxnummer: +49 32 121168318, E-Mail-Adresse: info@santa-tree.com <br \/>:<\/p><p>&#8211; Hiermit widerrufe(n) ich\/ wir (*) den von mir\/ uns (*) abgeschlossenen Vertrag \u00fcber den Kauf der folgenden Waren (*)\/ die Erbringung der folgenden Dienstleistung (*)<\/p><p>&#8211; Bestellt am (*)\/ erhalten am (*)<\/p><p>&#8211; Name des\/ der Verbraucher(s)<br \/>&#8211; Anschrift des\/ der Verbraucher(s)<br \/>&#8211; Unterschrift des\/ der Verbraucher(s) (nur bei Mitteilung auf Papier)<br \/>&#8211; Datum<\/p><p>(*) Unzutreffendes streichen.<\/p><p>\u00a0<\/p><h3>Widerrufsrecht f\u00fcr Verbraucher &#8211; Dienstleistungen<\/h3><p>(Verbraucher ist jede nat\u00fcrliche Person, die ein Rechtsgesch\u00e4ft zu Zwecken abschlie\u00dft, die \u00fcberwiegend weder ihrer gewerblichen noch ihrer selbstst\u00e4ndigen beruflichen T\u00e4tigkeit zugerechnet werden k\u00f6nnen.)<br \/><br \/><\/p><h4>Widerrufsbelehrung<\/h4><p>Widerrufsrecht Sie haben das Recht, binnen vierzehn Tagen ohne Angabe von Gr\u00fcnden diesen Vertrag zu widerrufen. Die Widerrufsfrist betr\u00e4gt vierzehn Tage ab dem Tag des Vertragsabschlusses.<\/p><p>Um Ihr Widerrufsrecht auszu\u00fcben, m\u00fcssen Sie uns <strong>(Urban Soul Art e.K., Graf-Adolf-Platz 15, 40213 D\u00fcsseldorf, Telefonnummer: +4921197634110, Telefaxnummer: +49 32 121168318, E-Mail-Adresse: info@santa-tree.com)<\/strong> mittels einer eindeutigen Erkl\u00e4rung (z.B. ein mit der Post versandter Brief, Telefax oder E-Mail) \u00fcber Ihren Entschluss, diesen Vertrag zu widerrufen, informieren. Sie k\u00f6nnen daf\u00fcr das beigef\u00fcgte Muster-Widerrufsformular verwenden, das jedoch nicht vorgeschrieben ist.<\/p><p>Zur Wahrung der Widerrufsfrist reicht es aus, dass Sie die Mitteilung \u00fcber die Aus\u00fcbung des Widerrufsrechts vor Ablauf der Widerrufsfrist absenden.<br \/><br \/><\/p><h4>Folgen des Widerrufs<\/h4><p>Wenn Sie diesen Vertrag widerrufen, haben wir Ihnen alle Zahlungen, die wir von Ihnen erhalten haben, einschlie\u00dflich der Lieferkosten (mit Ausnahme der zus\u00e4tzlichen Kosten, die sich daraus ergeben, dass Sie eine andere Art der Lieferung als die von uns angebotene, g\u00fcnstigste Standardlieferung gew\u00e4hlt haben), unverz\u00fcglich und sp\u00e4testens binnen vierzehn Tagen ab dem Tag zur\u00fcckzuzahlen, an dem die Mitteilung \u00fcber Ihren Widerruf dieses Vertrags bei uns eingegangen ist. F\u00fcr diese R\u00fcckzahlung verwenden wir dasselbe Zahlungsmittel, das Sie bei der urspr\u00fcnglichen Transaktion eingesetzt haben, es sei denn, mit Ihnen wurde ausdr\u00fccklich etwas anderes vereinbart; in keinem Fall werden Ihnen wegen dieser R\u00fcckzahlung Entgelte berechnet.<\/p><p>Haben Sie verlangt, dass die Dienstleistungen w\u00e4hrend der Widerrufsfrist beginnen soll, so haben Sie uns einen angemessenen Betrag zu zahlen, der dem Anteil der bis zu dem Zeitpunkt, zu dem Sie uns von der Aus\u00fcbung des Widerrufsrechts hinsichtlich dieses Vertrags unterrichten, bereits erbrachten Dienstleistungen im Vergleich zum Gesamtumfang der im Vertrag vorgesehenen Dienstleistungen entspricht.<br \/><br \/><\/p><h4>Ausschluss- bzw. Erl\u00f6schensgr\u00fcnde<\/h4><p>Das Widerrufsrecht besteht nicht bei Vertr\u00e4gen zur Erbringung von Dienstleistungen im Zusammenhang mit Freizeitbet\u00e4tigungen, wenn der Vertrag f\u00fcr die Erbringung einen spezifischen Termin oder Zeitraum vorsieht.<\/p><p>Das Widerrufsrecht erlischt bei einem Vertrag zur Erbringung von Dienstleistungen, wenn der Unternehmer die Dienstleistung vollst\u00e4ndig erbracht hat und mit der Ausf\u00fchrung der Dienstleistung erst begonnen hat, nachdem der Verbraucher dazu seine ausdr\u00fcckliche Zustimmung gegeben hat und gleichzeitig seine Kenntnis davon best\u00e4tigt hat, dass er sein Widerrufsrecht bei vollst\u00e4ndiger Vertragserf\u00fcllung durch den Unternehmer verliert.<br \/>&#8212;&#8212;&#8212;&#8212;&#8212;&#8212;&#8212;&#8212;&#8212;&#8212;&#8212;&#8212;&#8211;<\/p><h4 style=\"text-align: left;\">Muster-Widerrufsformular<\/h4><p>(Wenn Sie den Vertrag widerrufen wollen, dann f\u00fcllen Sie bitte dieses Formular aus und senden Sie es zur\u00fcck.)<\/p><p>&#8211; An Urban Soul Art e.K., Graf-Adolf-Platz 15, 40213 D\u00fcsseldorf, Telefaxnummer: +49 32 121168318, E-Mail-Adresse: info@santa-tree.com:<\/p><p>&#8211; Hiermit widerrufe(n) ich\/ wir (*) den von mir\/ uns (*) abgeschlossenen Vertrag \u00fcber den Kauf der folgenden Waren (*)\/ die Erbringung der folgenden Dienstleistung (*)<\/p><p>&#8211; Bestellt am (*)\/ erhalten am (*)<\/p><p>&#8211; Name des\/ der Verbraucher(s)<br \/>&#8211; Anschrift des\/ der Verbraucher(s)<br \/>&#8211; Unterschrift des\/ der Verbraucher(s) (nur bei Mitteilung auf Papier)<br \/>&#8211; Datum<br \/><br \/><\/p><p>(*) Unzutreffendes streichen.<\/p>\t\t\t\t\t\t\t\t<\/div>\n\t\t\t\t<\/div>\n\t\t\t\t\t<\/div>\n\t\t<\/div>\n\t\t\t\t\t<\/div>\n\t\t<\/section>\n\t\t\t\t<section class=\"elementor-section elementor-top-section elementor-element elementor-element-ba72775 elementor-section-boxed elementor-section-height-default elementor-section-height-default\" data-id=\"ba72775\" data-element_type=\"section\" data-e-type=\"section\">\n\t\t\t\t\t\t<div class=\"elementor-container elementor-column-gap-default\">\n\t\t\t\t\t<div class=\"elementor-column elementor-col-100 elementor-top-column elementor-element elementor-element-f57c076\" data-id=\"f57c076\" data-element_type=\"column\" data-e-type=\"column\">\n\t\t\t<div class=\"elementor-widget-wrap elementor-element-populated\">\n\t\t\t\t\t\t<div class=\"elementor-element elementor-element-c803033 elementor-widget elementor-widget-html\" data-id=\"c803033\" data-element_type=\"widget\" data-e-type=\"widget\" data-widget_type=\"html.default\">\n\t\t\t\t<div class=\"elementor-widget-container\">\n\t\t\t\t\t<!-- Beginn des H&auml;ndlerbund HTML-Code -->\n<!-- Der HTML-Code darf im Sinne der einwandfreien Funktionalit&auml;t nicht ver&auml;ndert werden! -->\n<a href=\"https:\/\/www.haendlerbund.de\/mitglied\/show.php?uuid=658fe06e-fd7f-11ea-a4fa-9c5c8e4fb375-9930068533\" target=\"_blank\">\n<img decoding=\"async\" src=\"https:\/\/www.haendlerbund.de\/mitglied\/logo.php?uuid=658fe06e-fd7f-11ea-a4fa-9c5c8e4fb375-9930068533&size=120&variant=2\" title=\"H&auml;ndlerbund Mitglied\"\nalt=\"Mitglied im H&auml;ndlerbund\" hspace=\"5\" vspace=\"5\" border=\"0\" \/>\n<\/a>\n<!-- Ende des H&auml;ndlerbund HTML-Code -->\t\t\t\t<\/div>\n\t\t\t\t<\/div>\n\t\t\t\t\t<\/div>\n\t\t<\/div>\n\t\t\t\t\t<\/div>\n\t\t<\/section>\n\t\t\t\t<\/div>","protected":false},"excerpt":{"rendered":"<p>Legal information only available in german language as followed: Widerrufsrecht f\u00fcr Verbraucher (Verbraucher ist jede nat\u00fcrliche Person, die ein Rechtsgesch\u00e4ft zu Zwecken abschlie\u00dft, die \u00fcberwiegend weder ihrer gewerblichen noch ihrer selbstst\u00e4ndigen beruflichen T\u00e4tigkeit zugerechnet werden k\u00f6nnen.) Widerrufsbelehrung Widerrufsrecht Sie haben das Recht, binnen 14 Tagen ohne Angabe von Gr\u00fcnden diesen Vertrag zu widerrufen. Die Widerrufsfrist [&hellip;]<\/p>\n","protected":false},"author":1,"featured_media":0,"parent":0,"menu_order":0,"comment_status":"closed","ping_status":"closed","template":"","meta":{"footnotes":""},"class_list":["post-1363","page","type-page","status-publish","hentry"],"yoast_head":"<!-- This site is optimized with the Yoast SEO plugin v26.8 - https:\/\/yoast.com\/product\/yoast-seo-wordpress\/ -->\n<title>Santa-Tree - Widerrufsrecht<\/title>\n<meta name=\"description\" content=\"Santa-Tree - revocation\" \/>\n<meta name=\"robots\" content=\"noindex, nofollow\" \/>\n<meta property=\"og:locale\" content=\"de_DE\" \/>\n<meta property=\"og:type\" content=\"article\" \/>\n<meta property=\"og:title\" content=\"Santa-Tree - Widerrufsrecht\" \/>\n<meta property=\"og:description\" content=\"Santa-Tree - revocation\" \/>\n<meta property=\"og:url\" content=\"https:\/\/santa-tree.com\/de\/revocation\/\" \/>\n<meta property=\"og:site_name\" content=\"Santa-Tree\" \/>\n<meta property=\"article:modified_time\" content=\"2020-12-14T16:59:09+00:00\" \/>\n<meta property=\"og:image\" content=\"https:\/\/www.haendlerbund.de\/mitglied\/logo.php?uuid=658fe06e-fd7f-11ea-a4fa-9c5c8e4fb375-9930068533&amp;size=120&amp;variant=2\" \/>\n<meta name=\"twitter:card\" content=\"summary_large_image\" \/>\n<meta name=\"twitter:label1\" content=\"Gesch\u00e4tzte Lesezeit\" \/>\n\t<meta name=\"twitter:data1\" content=\"6\u00a0Minuten\" \/>\n<script type=\"application\/ld+json\" class=\"yoast-schema-graph\">{\"@context\":\"https:\/\/schema.org\",\"@graph\":[{\"@type\":\"WebPage\",\"@id\":\"https:\/\/santa-tree.com\/de\/revocation\/\",\"url\":\"https:\/\/santa-tree.com\/de\/revocation\/\",\"name\":\"Santa-Tree - Widerrufsrecht\",\"isPartOf\":{\"@id\":\"https:\/\/santa-tree.com\/de\/#website\"},\"primaryImageOfPage\":{\"@id\":\"https:\/\/santa-tree.com\/de\/revocation\/#primaryimage\"},\"image\":{\"@id\":\"https:\/\/santa-tree.com\/de\/revocation\/#primaryimage\"},\"thumbnailUrl\":\"https:\/\/www.haendlerbund.de\/mitglied\/logo.php?uuid=658fe06e-fd7f-11ea-a4fa-9c5c8e4fb375-9930068533&amp;size=120&amp;variant=2\",\"datePublished\":\"2020-10-06T15:52:46+00:00\",\"dateModified\":\"2020-12-14T16:59:09+00:00\",\"description\":\"Santa-Tree - revocation\",\"breadcrumb\":{\"@id\":\"https:\/\/santa-tree.com\/de\/revocation\/#breadcrumb\"},\"inLanguage\":\"de\",\"potentialAction\":[{\"@type\":\"ReadAction\",\"target\":[\"https:\/\/santa-tree.com\/de\/revocation\/\"]}]},{\"@type\":\"ImageObject\",\"inLanguage\":\"de\",\"@id\":\"https:\/\/santa-tree.com\/de\/revocation\/#primaryimage\",\"url\":\"https:\/\/www.haendlerbund.de\/mitglied\/logo.php?uuid=658fe06e-fd7f-11ea-a4fa-9c5c8e4fb375-9930068533&amp;size=120&amp;variant=2\",\"contentUrl\":\"https:\/\/www.haendlerbund.de\/mitglied\/logo.php?uuid=658fe06e-fd7f-11ea-a4fa-9c5c8e4fb375-9930068533&amp;size=120&amp;variant=2\"},{\"@type\":\"BreadcrumbList\",\"@id\":\"https:\/\/santa-tree.com\/de\/revocation\/#breadcrumb\",\"itemListElement\":[{\"@type\":\"ListItem\",\"position\":1,\"name\":\"Home\",\"item\":\"https:\/\/santa-tree.com\/de\/\"},{\"@type\":\"ListItem\",\"position\":2,\"name\":\"Widerrufsrecht\"}]},{\"@type\":\"WebSite\",\"@id\":\"https:\/\/santa-tree.com\/de\/#website\",\"url\":\"https:\/\/santa-tree.com\/de\/\",\"name\":\"Santa-Tree\",\"description\":\"Premium Christmas Tree Delivery\",\"publisher\":{\"@id\":\"https:\/\/santa-tree.com\/de\/#organization\"},\"potentialAction\":[{\"@type\":\"SearchAction\",\"target\":{\"@type\":\"EntryPoint\",\"urlTemplate\":\"https:\/\/santa-tree.com\/de\/?s={search_term_string}\"},\"query-input\":{\"@type\":\"PropertyValueSpecification\",\"valueRequired\":true,\"valueName\":\"search_term_string\"}}],\"inLanguage\":\"de\"},{\"@type\":\"Organization\",\"@id\":\"https:\/\/santa-tree.com\/de\/#organization\",\"name\":\"Santa-Tree\",\"url\":\"https:\/\/santa-tree.com\/de\/\",\"logo\":{\"@type\":\"ImageObject\",\"inLanguage\":\"de\",\"@id\":\"https:\/\/santa-tree.com\/de\/#\/schema\/logo\/image\/\",\"url\":\"https:\/\/santa-tree.com\/wp-content\/uploads\/logo-santa-tree-512.png\",\"contentUrl\":\"https:\/\/santa-tree.com\/wp-content\/uploads\/logo-santa-tree-512.png\",\"width\":512,\"height\":491,\"caption\":\"Santa-Tree\"},\"image\":{\"@id\":\"https:\/\/santa-tree.com\/de\/#\/schema\/logo\/image\/\"}}]}<\/script>\n<!-- \/ Yoast SEO plugin. -->","yoast_head_json":{"title":"Santa-Tree - Widerrufsrecht","description":"Santa-Tree - revocation","robots":{"index":"noindex","follow":"nofollow"},"og_locale":"de_DE","og_type":"article","og_title":"Santa-Tree - Widerrufsrecht","og_description":"Santa-Tree - revocation","og_url":"https:\/\/santa-tree.com\/de\/revocation\/","og_site_name":"Santa-Tree","article_modified_time":"2020-12-14T16:59:09+00:00","og_image":[{"url":"https:\/\/www.haendlerbund.de\/mitglied\/logo.php?uuid=658fe06e-fd7f-11ea-a4fa-9c5c8e4fb375-9930068533&amp;size=120&amp;variant=2","type":"","width":"","height":""}],"twitter_card":"summary_large_image","twitter_misc":{"Gesch\u00e4tzte Lesezeit":"6\u00a0Minuten"},"schema":{"@context":"https:\/\/schema.org","@graph":[{"@type":"WebPage","@id":"https:\/\/santa-tree.com\/de\/revocation\/","url":"https:\/\/santa-tree.com\/de\/revocation\/","name":"Santa-Tree - Widerrufsrecht","isPartOf":{"@id":"https:\/\/santa-tree.com\/de\/#website"},"primaryImageOfPage":{"@id":"https:\/\/santa-tree.com\/de\/revocation\/#primaryimage"},"image":{"@id":"https:\/\/santa-tree.com\/de\/revocation\/#primaryimage"},"thumbnailUrl":"https:\/\/www.haendlerbund.de\/mitglied\/logo.php?uuid=658fe06e-fd7f-11ea-a4fa-9c5c8e4fb375-9930068533&amp;size=120&amp;variant=2","datePublished":"2020-10-06T15:52:46+00:00","dateModified":"2020-12-14T16:59:09+00:00","description":"Santa-Tree - revocation","breadcrumb":{"@id":"https:\/\/santa-tree.com\/de\/revocation\/#breadcrumb"},"inLanguage":"de","potentialAction":[{"@type":"ReadAction","target":["https:\/\/santa-tree.com\/de\/revocation\/"]}]},{"@type":"ImageObject","inLanguage":"de","@id":"https:\/\/santa-tree.com\/de\/revocation\/#primaryimage","url":"https:\/\/www.haendlerbund.de\/mitglied\/logo.php?uuid=658fe06e-fd7f-11ea-a4fa-9c5c8e4fb375-9930068533&amp;size=120&amp;variant=2","contentUrl":"https:\/\/www.haendlerbund.de\/mitglied\/logo.php?uuid=658fe06e-fd7f-11ea-a4fa-9c5c8e4fb375-9930068533&amp;size=120&amp;variant=2"},{"@type":"BreadcrumbList","@id":"https:\/\/santa-tree.com\/de\/revocation\/#breadcrumb","itemListElement":[{"@type":"ListItem","position":1,"name":"Home","item":"https:\/\/santa-tree.com\/de\/"},{"@type":"ListItem","position":2,"name":"Widerrufsrecht"}]},{"@type":"WebSite","@id":"https:\/\/santa-tree.com\/de\/#website","url":"https:\/\/santa-tree.com\/de\/","name":"Santa-Tree","description":"Premium Christmas Tree Delivery","publisher":{"@id":"https:\/\/santa-tree.com\/de\/#organization"},"potentialAction":[{"@type":"SearchAction","target":{"@type":"EntryPoint","urlTemplate":"https:\/\/santa-tree.com\/de\/?s={search_term_string}"},"query-input":{"@type":"PropertyValueSpecification","valueRequired":true,"valueName":"search_term_string"}}],"inLanguage":"de"},{"@type":"Organization","@id":"https:\/\/santa-tree.com\/de\/#organization","name":"Santa-Tree","url":"https:\/\/santa-tree.com\/de\/","logo":{"@type":"ImageObject","inLanguage":"de","@id":"https:\/\/santa-tree.com\/de\/#\/schema\/logo\/image\/","url":"https:\/\/santa-tree.com\/wp-content\/uploads\/logo-santa-tree-512.png","contentUrl":"https:\/\/santa-tree.com\/wp-content\/uploads\/logo-santa-tree-512.png","width":512,"height":491,"caption":"Santa-Tree"},"image":{"@id":"https:\/\/santa-tree.com\/de\/#\/schema\/logo\/image\/"}}]}},"_links":{"self":[{"href":"https:\/\/santa-tree.com\/de\/wp-json\/wp\/v2\/pages\/1363","targetHints":{"allow":["GET"]}}],"collection":[{"href":"https:\/\/santa-tree.com\/de\/wp-json\/wp\/v2\/pages"}],"about":[{"href":"https:\/\/santa-tree.com\/de\/wp-json\/wp\/v2\/types\/page"}],"author":[{"embeddable":true,"href":"https:\/\/santa-tree.com\/de\/wp-json\/wp\/v2\/users\/1"}],"replies":[{"embeddable":true,"href":"https:\/\/santa-tree.com\/de\/wp-json\/wp\/v2\/comments?post=1363"}],"version-history":[{"count":9,"href":"https:\/\/santa-tree.com\/de\/wp-json\/wp\/v2\/pages\/1363\/revisions"}],"predecessor-version":[{"id":1982,"href":"https:\/\/santa-tree.com\/de\/wp-json\/wp\/v2\/pages\/1363\/revisions\/1982"}],"wp:attachment":[{"href":"https:\/\/santa-tree.com\/de\/wp-json\/wp\/v2\/media?parent=1363"}],"curies":[{"name":"wp","href":"https:\/\/api.w.org\/{rel}","templated":true}]}}